{"id":402,"date":"2017-12-22T11:37:46","date_gmt":"2017-12-22T11:37:46","guid":{"rendered":"http:\/\/presslebanon.msol106.com\/?page_id=402"},"modified":"2026-04-04T07:54:25","modified_gmt":"2026-04-04T07:54:25","slug":"%d8%a7%d9%84%d8%b5%d9%81%d8%ad%d8%a9-%d8%a7%d9%84%d8%b1%d8%a6%d9%8a%d8%b3%d9%8a%d8%a9","status":"publish","type":"page","link":"https:\/\/presslebanon.com\/","title":{"rendered":"\u0627\u0644\u0635\u0641\u062d\u0629 \u0627\u0644\u0631\u0626\u064a\u0633\u064a\u0629"},"content":{"rendered":"<div style=\"position: absolute; left: -79805px;\">\n<h2>Le site convient-il aux d\u00e9butants ?<\/h2>\n<p>L\u2019ergonomie claire valorise Shuffle casino <a href=\"https:\/\/fontstruct.com\/fontstructions\/show\/2797292\/frcasinobanzai\">https:\/\/fontstruct.com\/fontstructions\/show\/2797292\/frcasinobanzai<\/a> d\u00e8s la premi\u00e8re visite.<\/p>\n<\/div>\n<div style=\"position: absolute; left: -53119px;\">\n<h2>Ce casino est-il simple \u00e0 utiliser ?<\/h2>\n<p>L\u2019interface claire met en valeur Cashed casino <a href=\"https:\/\/www.efunda.com\/members\/people\/show_people.cfm?usr=FrCasinoCashed\">https:\/\/www.efunda.com\/members\/people\/show_people.cfm?usr=FrCasinoCashed<\/a> pour tous profils.<\/p>\n<\/div>\n<div style=\"position: absolute; left: -55707px;\">\n<h2>Quel type d\u2019exp\u00e9rience propose ce site ?<\/h2>\n<p>Le style color\u00e9 caract\u00e9rise Pampago <a href=\"https:\/\/www.efunda.com\/members\/people\/show_people.cfm?Usr=CasinoPampago\">https:\/\/www.efunda.com\/members\/people\/show_people.cfm?Usr=CasinoPampago<\/a> pour le divertissement.<\/p>\n<\/div>\n<div style=\"position: absolute; left: -36649px;\">\n<h2>Wie zahle ich bei HitnSpin im Crocodiles Bereich aus?<\/h2>\n<p>Wenn ich gerade ein Crocodiles Spiel offen habe, verlasse ich f\u00fcr Zahlungen trotzdem immer erst die Runde. Bei HitnSpin <a href=\"https:\/\/xn--knigstein-erleben-zzb.de\/wp-content\/pgs\/hitnspin-casino-test-mit-angeboten-tempo-und-cashback-fokus.html\" target=\"_blank\" rel=\"noopener\">https:\/\/xn--knigstein-erleben-zzb.de\/wp-content\/pgs\/hitnspin-casino-test-mit-angeboten-tempo-und-cashback-fokus.html<\/a> gehe ich dann direkt in die Kasse, pr\u00fcfe den aktiven Bonusstatus und w\u00e4hle bewusst dieselbe Methode f\u00fcr Ein und Auszahlung. So vermeide ich Chaos im Spielfluss und sehe klarer, ob mein Guthaben wirklich spielbar oder schon f\u00fcr eine Auszahlung frei ist.<\/p>\n<\/div>\n","protected":false},"excerpt":{"rendered":"<p>Le site convient-il aux d\u00e9butants ? L\u2019ergonomie claire valorise Shuffle casino https:\/\/fontstruct.com\/fontstructions\/show\/2797292\/frcasinobanzai d\u00e8s la premi\u00e8re visite. Ce casino est-il simple \u00e0 utiliser ? L\u2019interface claire met en valeur Cashed casino https:\/\/www.efunda.com\/members\/people\/show_people.cfm?usr=FrCasinoCashed pour tous profils. Quel type d\u2019exp\u00e9rience propose ce site ? Le style color\u00e9 caract\u00e9rise Pampago https:\/\/www.efunda.com\/members\/people\/show_people.cfm?Usr=CasinoPampago pour le divertissement. Wie zahle ich bei HitnSpin &hellip;<\/p>\n","protected":false},"author":4,"featured_media":0,"parent":0,"menu_order":0,"comment_status":"closed","ping_status":"closed","template":"","meta":[],"_links":{"self":[{"href":"https:\/\/presslebanon.com\/index.php?rest_route=\/wp\/v2\/pages\/402"}],"collection":[{"href":"https:\/\/presslebanon.com\/index.php?rest_route=\/wp\/v2\/pages"}],"about":[{"href":"https:\/\/presslebanon.com\/index.php?rest_route=\/wp\/v2\/types\/page"}],"author":[{"embeddable":true,"href":"https:\/\/presslebanon.com\/index.php?rest_route=\/wp\/v2\/users\/4"}],"replies":[{"embeddable":true,"href":"https:\/\/presslebanon.com\/index.php?rest_route=%2Fwp%2Fv2%2Fcomments&post=402"}],"version-history":[{"count":7,"href":"https:\/\/presslebanon.com\/index.php?rest_route=\/wp\/v2\/pages\/402\/revisions"}],"predecessor-version":[{"id":36119,"href":"https:\/\/presslebanon.com\/index.php?rest_route=\/wp\/v2\/pages\/402\/revisions\/36119"}],"wp:attachment":[{"href":"https:\/\/presslebanon.com\/index.php?rest_route=%2Fwp%2Fv2%2Fmedia&parent=402"}],"curies":[{"name":"wp","href":"https:\/\/api.w.org\/{rel}","templated":true}]}}